{"id":113,"date":"2017-11-14T17:26:58","date_gmt":"2017-11-14T16:26:58","guid":{"rendered":"http:\/\/agonacsecretariat.fr\/?page_id=113"},"modified":"2024-02-09T10:36:00","modified_gmt":"2024-02-09T09:36:00","slug":"accueil","status":"publish","type":"page","link":"https:\/\/agonacsecretariat.fr\/","title":{"rendered":"Accueil"},"content":{"rendered":"<p>Vous avez besoin d&rsquo;une secr\u00e9taire r\u00e9active pour une mission ponctuelle ou r\u00e9currente, <strong>je suis \u00e0 votre service<\/strong> !<\/p>\n<p>Je suis install\u00e9e en Dordogne (24), j&rsquo;ai un bureau proche de P\u00e9rigueux et mais aussi \u00e0 Rib\u00e9rac <em>(Rue Andr\u00e9 Cheminade)<\/em>.<\/p>\n<p>A distance ou en entreprise, <strong>je m&rsquo;adapte \u00e0 votre situation<\/strong>.<\/p>\n<p>De nos jours, la gestion administrative d&rsquo;une soci\u00e9t\u00e9 prend de plus en plus temps (facture, devis, relance, appel d &lsquo;offres, documents pour l&rsquo;expert-comptable, &#8230;).<\/p>\n<p>J\u2019ai \u00e0 c\u0153ur de vous soulager au maximum de toutes ces t\u00e2ches mais qui restent indispensables au d\u00e9veloppement de votre entreprise et je peux \u00e9galement vous aider lors d\u2019une surcharge travail ponctuelle.<\/p>\n<p><strong>Vous pourrez ainsi vous consacrer \u00e0 votre m\u00e9tier, \u00e0 vos clients actuels ou prospects et vous lib\u00e9rer du temps pour vos activit\u00e9s personnelles.<\/strong><\/p>\n<p><strong>\u00a0<\/strong><\/p>\n<p><strong>Votre temps est pr\u00e9cieux alors contactez-moi pour de plus amples informations, par t\u00e9l\u00e9phone au 06 70 06 80 81 ou par mail contact@agonacsecretariat.fr<\/strong><\/p>\n","protected":false},"excerpt":{"rendered":"<p>Vous avez besoin d&rsquo;une secr\u00e9taire r\u00e9active pour une mission ponctuelle ou r\u00e9currente, je suis \u00e0 votre service ! Je suis install\u00e9e en Dordogne (24), j&rsquo;ai un bureau proche de P\u00e9rigueux &#8230;<\/p>\n","protected":false},"author":1,"featured_media":0,"parent":0,"menu_order":0,"comment_status":"closed","ping_status":"closed","template":"","meta":[],"_links":{"self":[{"href":"https:\/\/agonacsecretariat.fr\/index.php?rest_route=\/wp\/v2\/pages\/113"}],"collection":[{"href":"https:\/\/agonacsecretariat.fr\/index.php?rest_route=\/wp\/v2\/pages"}],"about":[{"href":"https:\/\/agonacsecretariat.fr\/index.php?rest_route=\/wp\/v2\/types\/page"}],"author":[{"embeddable":true,"href":"https:\/\/agonacsecretariat.fr\/index.php?rest_route=\/wp\/v2\/users\/1"}],"replies":[{"embeddable":true,"href":"https:\/\/agonacsecretariat.fr\/index.php?rest_route=%2Fwp%2Fv2%2Fcomments&post=113"}],"version-history":[{"count":12,"href":"https:\/\/agonacsecretariat.fr\/index.php?rest_route=\/wp\/v2\/pages\/113\/revisions"}],"predecessor-version":[{"id":233,"href":"https:\/\/agonacsecretariat.fr\/index.php?rest_route=\/wp\/v2\/pages\/113\/revisions\/233"}],"wp:attachment":[{"href":"https:\/\/agonacsecretariat.fr\/index.php?rest_route=%2Fwp%2Fv2%2Fmedia&parent=113"}],"curies":[{"name":"wp","href":"https:\/\/api.w.org\/{rel}","templated":true}]}}